{"id":129,"date":"2016-11-21T15:23:41","date_gmt":"2016-11-21T14:23:41","guid":{"rendered":"https:\/\/journotlab.wordpress.com\/?page_id=129"},"modified":"2023-03-07T12:40:10","modified_gmt":"2023-03-07T11:40:10","slug":"collaborations","status":"publish","type":"page","link":"https:\/\/journot-lab.igf.cnrs.fr\/index.php\/collaborations\/","title":{"rendered":"Collaborations"},"content":{"rendered":"\n<div id=\"content\" class=\"site-content\">\n<div id=\"primary\" class=\"content-area\">\n<article id=\"post-69\" class=\"post-69 page type-page status-publish hentry\">\n<div class=\"entry-content\">\n<p><span style=\"color: #000000;\">Many thanks to the groups we collaborate with, including<\/span><\/p>\n<ul>\n<li><span style=\"color: #000000;\">Philippe Arnaud (G\u00e9n\u00e9tique, Reproduction et D\u00e9veloppement, Clermont-Ferrand, France)<\/span><\/li>\n<li><span style=\"color: #000000;\">Sigrid Eckardt &amp; K. John McLaughlin (Research Institute at Nationwide Chilren\u2019s Hospital, Colombus, USA)<\/span><\/li>\n<li><span style=\"color: #000000;\">Thierry Forn\u00e9 (IGMM, Montpellier)<\/span><\/li>\n<li><span style=\"color: #000000;\">Robert Feil (IGMM, Montpellier)<\/span><\/li>\n<li><span style=\"color: #000000;\">Carol Schuurmans (Sunnybrook Research Institute, Toronto, Canada)<\/span><\/li>\n<\/ul>\n<figure><img loading=\"lazy\" decoding=\"async\" class=\"alignleft wp-image-378 size-medium\" src=\"https:\/\/journot-lab.igf.cnrs.fr\/wp-content\/uploads\/2018\/01\/logo_MGX_2017-300x89.png\" alt=\"\" width=\"300\" height=\"89\" srcset=\"https:\/\/journot-lab.igf.cnrs.fr\/wp-content\/uploads\/2018\/01\/logo_MGX_2017-300x89.png 300w, https:\/\/journot-lab.igf.cnrs.fr\/wp-content\/uploads\/2018\/01\/logo_MGX_2017-768x227.png 768w, https:\/\/journot-lab.igf.cnrs.fr\/wp-content\/uploads\/2018\/01\/logo_MGX_2017-1024x303.png 1024w, https:\/\/journot-lab.igf.cnrs.fr\/wp-content\/uploads\/2018\/01\/logo_MGX_2017.png 1160w\" sizes=\"auto, (max-width: 300px) 100vw, 300px\" \/><\/figure><p style=\"text-align: right;\"><span style=\"color: #000000;\">Laurent Journot is the Scientific Manager of the <span style=\"color: #0000ff;\"><a style=\"color: #0000ff;\" href=\"http:\/\/www.mgx.cnrs.fr\">MGX-Montpellier GenomiX<\/a><\/span> core facility. The facility provides labs and biotech companies in Montpellier and beyond with next generation sequencing, bio-statistics, and bioinformatics service.<\/span><\/p>\n<figure><img loading=\"lazy\" decoding=\"async\" class=\"wp-image-379 size-medium alignleft\" src=\"https:\/\/journot-lab.igf.cnrs.fr\/wp-content\/uploads\/2018\/01\/logo_STATABIO_2017-300x72.png\" alt=\"\" width=\"300\" height=\"72\" srcset=\"https:\/\/journot-lab.igf.cnrs.fr\/wp-content\/uploads\/2018\/01\/logo_STATABIO_2017-300x72.png 300w, https:\/\/journot-lab.igf.cnrs.fr\/wp-content\/uploads\/2018\/01\/logo_STATABIO_2017-768x184.png 768w, https:\/\/journot-lab.igf.cnrs.fr\/wp-content\/uploads\/2018\/01\/logo_STATABIO_2017-1024x246.png 1024w, https:\/\/journot-lab.igf.cnrs.fr\/wp-content\/uploads\/2018\/01\/logo_STATABIO_2017.png 1429w\" sizes=\"auto, (max-width: 300px) 100vw, 300px\" \/><\/figure><p style=\"text-align: right;\"><span style=\"color: #000000;\">Christelle Reyn\u00e8s is the Scientific Manager of the StatABio core facility, which provides labs and biotech companies in Montpellier with expertise in statistical analysis of large data sets.<\/span><\/p>\n<\/div>\n<\/article>\n<\/div>\n<\/div>\n","protected":false},"excerpt":{"rendered":"<p>Many thanks to the groups we collaborate with, including Philippe Arnaud (G\u00e9n\u00e9tique, Reproduction et D\u00e9veloppement, Clermont-Ferrand, France) Sigrid Eckardt &amp; K. John McLaughlin (Research Institute at Nationwide Chilren\u2019s Hospital, Colombus, USA) Thierry Forn\u00e9 (IGMM, Montpellier) Robert Feil (IGMM, Montpellier) Carol Schuurmans (Sunnybrook Research Institute, Toronto, Canada) Laurent Journot is the Scientific Manager of the MGX-Montpellier [&hellip;]<\/p>\n","protected":false},"author":2,"featured_media":0,"parent":0,"menu_order":0,"comment_status":"closed","ping_status":"closed","template":"","meta":{"footnotes":""},"class_list":["post-129","page","type-page","status-publish","hentry"],"_links":{"self":[{"href":"https:\/\/journot-lab.igf.cnrs.fr\/index.php\/wp-json\/wp\/v2\/pages\/129","targetHints":{"allow":["GET"]}}],"collection":[{"href":"https:\/\/journot-lab.igf.cnrs.fr\/index.php\/wp-json\/wp\/v2\/pages"}],"about":[{"href":"https:\/\/journot-lab.igf.cnrs.fr\/index.php\/wp-json\/wp\/v2\/types\/page"}],"author":[{"embeddable":true,"href":"https:\/\/journot-lab.igf.cnrs.fr\/index.php\/wp-json\/wp\/v2\/users\/2"}],"replies":[{"embeddable":true,"href":"https:\/\/journot-lab.igf.cnrs.fr\/index.php\/wp-json\/wp\/v2\/comments?post=129"}],"version-history":[{"count":18,"href":"https:\/\/journot-lab.igf.cnrs.fr\/index.php\/wp-json\/wp\/v2\/pages\/129\/revisions"}],"predecessor-version":[{"id":747,"href":"https:\/\/journot-lab.igf.cnrs.fr\/index.php\/wp-json\/wp\/v2\/pages\/129\/revisions\/747"}],"wp:attachment":[{"href":"https:\/\/journot-lab.igf.cnrs.fr\/index.php\/wp-json\/wp\/v2\/media?parent=129"}],"curies":[{"name":"wp","href":"https:\/\/api.w.org\/{rel}","templated":true}]}}